{"id":1950,"date":"2023-04-27T15:51:57","date_gmt":"2023-04-27T15:51:57","guid":{"rendered":"https:\/\/wgl-demo.net\/bladehub\/?page_id=1950"},"modified":"2024-02-13T10:15:36","modified_gmt":"2024-02-13T10:15:36","slug":"filosofia","status":"publish","type":"page","link":"https:\/\/peluqueriagranada.com\/en\/filosofia\/","title":{"rendered":"Filosof\u00eda"},"content":{"rendered":"<div data-elementor-type=\"wp-page\" data-elementor-id=\"1950\" class=\"elementor elementor-1950\">\n\t\t\t\t\t\t<section class=\"elementor-section elementor-top-section elementor-element elementor-element-5edc10d elementor-section-boxed elementor-section-height-default elementor-section-height-default\" data-id=\"5edc10d\" data-element_type=\"section\" data-settings=\"{&quot;background_background&quot;:&quot;classic&quot;}\">\n\t\t\t\t\t\t<div class=\"elementor-container elementor-column-gap-default\">\n\t\t\t\t\t<div class=\"elementor-column elementor-col-100 elementor-top-column elementor-element elementor-element-c6f86bb\" data-id=\"c6f86bb\" data-element_type=\"column\">\n\t\t\t<div class=\"elementor-widget-wrap elementor-element-populated\">\n\t\t\t\t\t\t<div class=\"elementor-element elementor-element-c8cedab elementor-widget elementor-widget-spacer\" data-id=\"c8cedab\" data-element_type=\"widget\" data-widget_type=\"spacer.default\">\n\t\t\t\t<div class=\"elementor-widget-container\">\n\t\t\t\t\t<div class=\"elementor-spacer\">\n\t\t\t<div class=\"elementor-spacer-inner\"><\/div>\n\t\t<\/div>\n\t\t\t\t<\/div>\n\t\t\t\t<\/div>\n\t\t\t\t<div class=\"elementor-element elementor-element-1aeba4b acenter elementor-widget__width-initial elementor-widget elementor-widget-wgl-double-heading\" data-id=\"1aeba4b\" data-element_type=\"widget\" data-widget_type=\"wgl-double-heading.default\">\n\t\t\t\t<div class=\"elementor-widget-container\">\n\t\t\t<div class=\"wgl-double-heading\"><div class=\"dblh__subtitle\">Nuestros principios<\/div><h3 class=\"dblh__title-wrapper\"><span class=\"dblh__title dblh__title-1\">Filosof\u00eda, estrategia y visi\u00f3n<\/span><\/h3><\/div>\t\t<\/div>\n\t\t\t\t<\/div>\n\t\t\t\t<div class=\"elementor-element elementor-element-2d53f20 elementor-widget elementor-widget-spacer\" data-id=\"2d53f20\" data-element_type=\"widget\" data-widget_type=\"spacer.default\">\n\t\t\t\t<div class=\"elementor-widget-container\">\n\t\t\t\t\t<div class=\"elementor-spacer\">\n\t\t\t<div class=\"elementor-spacer-inner\"><\/div>\n\t\t<\/div>\n\t\t\t\t<\/div>\n\t\t\t\t<\/div>\n\t\t\t\t\t<\/div>\n\t\t<\/div>\n\t\t\t\t\t<\/div>\n\t\t<\/section>\n\t\t\t\t<section class=\"elementor-section elementor-top-section elementor-element elementor-element-2fa811e elementor-reverse-tablet elementor-reverse-mobile elementor-section-boxed elementor-section-height-default elementor-section-height-default\" data-id=\"2fa811e\" data-element_type=\"section\" data-settings=\"{&quot;background_background&quot;:&quot;classic&quot;}\">\n\t\t\t\t\t\t<div class=\"elementor-container elementor-column-gap-default\">\n\t\t\t\t\t<div class=\"elementor-column elementor-col-50 elementor-top-column elementor-element elementor-element-18d8887\" data-id=\"18d8887\" data-element_type=\"column\">\n\t\t\t<div class=\"elementor-widget-wrap elementor-element-populated\">\n\t\t\t\t\t\t<div class=\"elementor-element elementor-element-3f302be elementor-widget elementor-widget-image\" data-id=\"3f302be\" data-element_type=\"widget\" data-widget_type=\"image.default\">\n\t\t\t\t<div class=\"elementor-widget-container\">\n\t\t\t\t\t\t\t\t\t\t\t\t\t<img fetchpriority=\"high\" decoding=\"async\" width=\"540\" height=\"600\" src=\"https:\/\/peluqueriagranada.com\/wp-content\/uploads\/2023\/04\/philo-s-2.jpg\" class=\"attachment-full size-full wp-image-1961\" alt=\"\" srcset=\"https:\/\/peluqueriagranada.com\/wp-content\/uploads\/2023\/04\/philo-s-2.jpg 540w, https:\/\/peluqueriagranada.com\/wp-content\/uploads\/2023\/04\/philo-s-2-270x300.jpg 270w\" sizes=\"(max-width: 540px) 100vw, 540px\" \/>\t\t\t\t\t\t\t\t\t\t\t\t\t<\/div>\n\t\t\t\t<\/div>\n\t\t\t\t\t<\/div>\n\t\t<\/div>\n\t\t\t\t<div class=\"elementor-column elementor-col-50 elementor-top-column elementor-element elementor-element-bd2cc41\" data-id=\"bd2cc41\" data-element_type=\"column\">\n\t\t\t<div class=\"elementor-widget-wrap elementor-element-populated\">\n\t\t\t\t\t\t<div class=\"elementor-element elementor-element-4efdbb4 elementor-widget elementor-widget-spacer\" data-id=\"4efdbb4\" data-element_type=\"widget\" data-widget_type=\"spacer.default\">\n\t\t\t\t<div class=\"elementor-widget-container\">\n\t\t\t\t\t<div class=\"elementor-spacer\">\n\t\t\t<div class=\"elementor-spacer-inner\"><\/div>\n\t\t<\/div>\n\t\t\t\t<\/div>\n\t\t\t\t<\/div>\n\t\t\t\t<div class=\"elementor-element elementor-element-d1b7718 elementor-widget__width-initial elementor-widget-tablet__width-inherit elementor-widget elementor-widget-wgl-tabs\" data-id=\"d1b7718\" data-element_type=\"widget\" data-widget_type=\"wgl-tabs.default\">\n\t\t\t\t<div class=\"elementor-widget-container\">\n\t\t\t        <div class=\"wgl-tabs wgl-tabs_swiper-wrapper tabs_align-left   icon_position-top    has-lavalamp tabs_lavalamp_align-center\">\r\n            <div class=\"wgl-tabs_headings-wrap\">\r\n                <div class=\"wgl-tabs_headings swiper-wrapper\">                    <h4 data-tab-id=\"wgl-tab_2191\" class=\"wgl-tabs_header swiper-slide\">\r\n                    <span class=\"wgl-tabs_title\">Filosof\u00eda<\/span>\r\n\r\n                    \r\n                <\/h4>\r\n\r\n                                    <h4 data-tab-id=\"wgl-tab_2192\" class=\"wgl-tabs_header swiper-slide\">\r\n                    <span class=\"wgl-tabs_title\">Estrategia<\/span>\r\n\r\n                    \r\n                <\/h4>\r\n\r\n                                    <h4 data-tab-id=\"wgl-tab_2193\" class=\"wgl-tabs_header swiper-slide\">\r\n                    <span class=\"wgl-tabs_title\">visi\u00f3n<\/span>\r\n\r\n                    \r\n                <\/h4>\r\n\r\n                            <\/div>\r\n        <\/div>\r\n\r\n        <div class=\"wgl-tabs_content-wrap\">                <div data-tab-id=\"wgl-tab_2191\" class=\"wgl-tabs_content\">\r\n                    <p>Queremos ofrecer el mejor corte de pelo adaptado a cada persona, dando lo mejor de nosotros y toda nuestra experiencia.\u00a0<\/p><p>Somos honestos contigo, te diremos el por qu\u00e9 es mejor una opci\u00f3n que otra; pero sobre todo te respetamos y decidas lo que decidas, lo haremos de la \u00fanica manera que sabemos: PREMIUM\u00a0<\/p>                <\/div>\r\n\r\n                            <div data-tab-id=\"wgl-tab_2192\" class=\"wgl-tabs_content\">\r\n                    <p>Te preguntamos que es lo que buscas exactamente, despu\u00e9s te daremos nuestro punto de vista.<\/p><p>Muchas veces el cliente quiere un peinado de alguien famoso, pero sin embargo, se equivoca en la elecci\u00f3n de corte de pelo, con nosotros eso no te pasar\u00e1.<\/p><p>\u00a0<\/p>                <\/div>\r\n\r\n                            <div data-tab-id=\"wgl-tab_2193\" class=\"wgl-tabs_content\">\r\n                    <p>Cada persona es \u00fanica y cada corte de pelo tambi\u00e9n.<\/p><p>\u00a0Queremos hacerte sentir empoderado e inigualable cada vez que vengas a visitarnos.<\/p><p>T\u00fa conf\u00edas en nosotros y nosotros te elevaremos a tu m\u00e1ximo nivel.<\/p>                <\/div>\r\n\r\n                    <\/div>\r\n        <\/div><!-- .wgl-tabs -->\r\n        \t\t<\/div>\n\t\t\t\t<\/div>\n\t\t\t\t<div class=\"elementor-element elementor-element-187eb0f aleft elementor-widget-icon-box wgl-icon-box has-separate_icon elementor-widget elementor-widget-wgl-button\" data-id=\"187eb0f\" data-element_type=\"widget\" data-widget_type=\"wgl-button.default\">\n\t\t\t\t<div class=\"elementor-widget-container\">\n\t\t\t<a class=\"wgl-button btn-size-xl\" role=\"button\" href=\"https:\/\/yeasyapp.com\/#\/commerce\/8ebcce14-f0ee-4583-aac6-550a1b18c809\" target=\"_blank\" rel=\"nofollow\"><div class=\"button__content align-icon-right\"><div class=\"media-wrapper icon-wrapper\"><span class=\"wgl-icon\" ><i class=\"icon elementor-icon flaticon-right-arrow\" aria-hidden=\"true\"><\/i><\/span><\/div><span class=\"button__text\">ELEVA TU ESTILO<\/span><\/div><\/a>\t\t<\/div>\n\t\t\t\t<\/div>\n\t\t\t\t\t<\/div>\n\t\t<\/div>\n\t\t\t\t\t<\/div>\n\t\t<\/section>\n\t\t\t\t<\/div>","protected":false},"excerpt":{"rendered":"<p>Nuestros principios Filosof\u00eda, estrategia y visi\u00f3n Filosof\u00eda Estrategia visi\u00f3n Queremos ofrecer el mejor corte de pelo adaptado a cada persona, dando lo mejor de nosotros y toda nuestra experiencia.\u00a0 Somos honestos contigo, te diremos el por qu\u00e9 es mejor una opci\u00f3n que otra; pero sobre todo te respetamos y decidas lo que decidas, lo haremos [&hellip;]<\/p>","protected":false},"author":1,"featured_media":0,"parent":0,"menu_order":0,"comment_status":"closed","ping_status":"closed","template":"","meta":{"footnotes":""},"class_list":["post-1950","page","type-page","status-publish","hentry"],"yoast_head":"<!-- This site is optimized with the Yoast SEO plugin v24.5 - https:\/\/yoast.com\/wordpress\/plugins\/seo\/ -->\n<title>Filosof\u00eda - Peluqueria Granada<\/title>\n<meta name=\"robots\" content=\"index, follow, max-snippet:-1, max-image-preview:large, max-video-preview:-1\" \/>\n<link rel=\"canonical\" href=\"https:\/\/peluqueriagranada.com\/en\/filosofia\/\" \/>\n<meta property=\"og:locale\" content=\"en_US\" \/>\n<meta property=\"og:type\" content=\"article\" \/>\n<meta property=\"og:title\" content=\"Filosof\u00eda - Peluqueria Granada\" \/>\n<meta property=\"og:description\" content=\"Nuestros principios Filosof\u00eda, estrategia y visi\u00f3n Filosof\u00eda Estrategia visi\u00f3n Queremos ofrecer el mejor corte de pelo adaptado a cada persona, dando lo mejor de nosotros y toda nuestra experiencia.\u00a0 Somos honestos contigo, te diremos el por qu\u00e9 es mejor una opci\u00f3n que otra; pero sobre todo te respetamos y decidas lo que decidas, lo haremos [&hellip;]\" \/>\n<meta property=\"og:url\" content=\"https:\/\/peluqueriagranada.com\/en\/filosofia\/\" \/>\n<meta property=\"og:site_name\" content=\"Peluqueria Granada\" \/>\n<meta property=\"article:modified_time\" content=\"2024-02-13T10:15:36+00:00\" \/>\n<meta property=\"og:image\" content=\"https:\/\/peluqueriagranada.com\/wp-content\/uploads\/2023\/04\/philo-s-2.jpg\" \/>\n<meta name=\"twitter:card\" content=\"summary_large_image\" \/>\n<meta name=\"twitter:label1\" content=\"Est. reading time\" \/>\n\t<meta name=\"twitter:data1\" content=\"1 minute\" \/>\n<script type=\"application\/ld+json\" class=\"yoast-schema-graph\">{\"@context\":\"https:\/\/schema.org\",\"@graph\":[{\"@type\":\"WebPage\",\"@id\":\"https:\/\/peluqueriagranada.com\/filosofia\/\",\"url\":\"https:\/\/peluqueriagranada.com\/filosofia\/\",\"name\":\"Filosof\u00eda - Peluqueria Granada\",\"isPartOf\":{\"@id\":\"https:\/\/peluqueriagranada.com\/#website\"},\"primaryImageOfPage\":{\"@id\":\"https:\/\/peluqueriagranada.com\/filosofia\/#primaryimage\"},\"image\":{\"@id\":\"https:\/\/peluqueriagranada.com\/filosofia\/#primaryimage\"},\"thumbnailUrl\":\"https:\/\/peluqueriagranada.com\/wp-content\/uploads\/2023\/04\/philo-s-2.jpg\",\"datePublished\":\"2023-04-27T15:51:57+00:00\",\"dateModified\":\"2024-02-13T10:15:36+00:00\",\"breadcrumb\":{\"@id\":\"https:\/\/peluqueriagranada.com\/filosofia\/#breadcrumb\"},\"inLanguage\":\"en-US\",\"potentialAction\":[{\"@type\":\"ReadAction\",\"target\":[\"https:\/\/peluqueriagranada.com\/filosofia\/\"]}]},{\"@type\":\"ImageObject\",\"inLanguage\":\"en-US\",\"@id\":\"https:\/\/peluqueriagranada.com\/filosofia\/#primaryimage\",\"url\":\"https:\/\/peluqueriagranada.com\/wp-content\/uploads\/2023\/04\/philo-s-2.jpg\",\"contentUrl\":\"https:\/\/peluqueriagranada.com\/wp-content\/uploads\/2023\/04\/philo-s-2.jpg\"},{\"@type\":\"BreadcrumbList\",\"@id\":\"https:\/\/peluqueriagranada.com\/filosofia\/#breadcrumb\",\"itemListElement\":[{\"@type\":\"ListItem\",\"position\":1,\"name\":\"Portada\",\"item\":\"https:\/\/peluqueriagranada.com\/\"},{\"@type\":\"ListItem\",\"position\":2,\"name\":\"Filosof\u00eda\"}]},{\"@type\":\"WebSite\",\"@id\":\"https:\/\/peluqueriagranada.com\/#website\",\"url\":\"https:\/\/peluqueriagranada.com\/\",\"name\":\"Peluqueria Granada\",\"description\":\"Peluquer\u00eda\",\"publisher\":{\"@id\":\"https:\/\/peluqueriagranada.com\/#organization\"},\"potentialAction\":[{\"@type\":\"SearchAction\",\"target\":{\"@type\":\"EntryPoint\",\"urlTemplate\":\"https:\/\/peluqueriagranada.com\/?s={search_term_string}\"},\"query-input\":{\"@type\":\"PropertyValueSpecification\",\"valueRequired\":true,\"valueName\":\"search_term_string\"}}],\"inLanguage\":\"en-US\"},{\"@type\":\"Organization\",\"@id\":\"https:\/\/peluqueriagranada.com\/#organization\",\"name\":\"Peluqueria Granada\",\"url\":\"https:\/\/peluqueriagranada.com\/\",\"logo\":{\"@type\":\"ImageObject\",\"inLanguage\":\"en-US\",\"@id\":\"https:\/\/peluqueriagranada.com\/#\/schema\/logo\/image\/\",\"url\":\"https:\/\/peluqueriagranada.com\/wp-content\/uploads\/2023\/04\/MicrosoftTeams-image.png\",\"contentUrl\":\"https:\/\/peluqueriagranada.com\/wp-content\/uploads\/2023\/04\/MicrosoftTeams-image.png\",\"width\":800,\"height\":800,\"caption\":\"Peluqueria Granada\"},\"image\":{\"@id\":\"https:\/\/peluqueriagranada.com\/#\/schema\/logo\/image\/\"}}]}<\/script>\n<!-- \/ Yoast SEO plugin. -->","yoast_head_json":{"title":"Filosof\u00eda - Peluqueria Granada","robots":{"index":"index","follow":"follow","max-snippet":"max-snippet:-1","max-image-preview":"max-image-preview:large","max-video-preview":"max-video-preview:-1"},"canonical":"https:\/\/peluqueriagranada.com\/en\/filosofia\/","og_locale":"en_US","og_type":"article","og_title":"Filosof\u00eda - Peluqueria Granada","og_description":"Nuestros principios Filosof\u00eda, estrategia y visi\u00f3n Filosof\u00eda Estrategia visi\u00f3n Queremos ofrecer el mejor corte de pelo adaptado a cada persona, dando lo mejor de nosotros y toda nuestra experiencia.\u00a0 Somos honestos contigo, te diremos el por qu\u00e9 es mejor una opci\u00f3n que otra; pero sobre todo te respetamos y decidas lo que decidas, lo haremos [&hellip;]","og_url":"https:\/\/peluqueriagranada.com\/en\/filosofia\/","og_site_name":"Peluqueria Granada","article_modified_time":"2024-02-13T10:15:36+00:00","og_image":[{"url":"https:\/\/peluqueriagranada.com\/wp-content\/uploads\/2023\/04\/philo-s-2.jpg","type":"","width":"","height":""}],"twitter_card":"summary_large_image","twitter_misc":{"Est. reading time":"1 minute"},"schema":{"@context":"https:\/\/schema.org","@graph":[{"@type":"WebPage","@id":"https:\/\/peluqueriagranada.com\/filosofia\/","url":"https:\/\/peluqueriagranada.com\/filosofia\/","name":"Filosof\u00eda - Peluqueria Granada","isPartOf":{"@id":"https:\/\/peluqueriagranada.com\/#website"},"primaryImageOfPage":{"@id":"https:\/\/peluqueriagranada.com\/filosofia\/#primaryimage"},"image":{"@id":"https:\/\/peluqueriagranada.com\/filosofia\/#primaryimage"},"thumbnailUrl":"https:\/\/peluqueriagranada.com\/wp-content\/uploads\/2023\/04\/philo-s-2.jpg","datePublished":"2023-04-27T15:51:57+00:00","dateModified":"2024-02-13T10:15:36+00:00","breadcrumb":{"@id":"https:\/\/peluqueriagranada.com\/filosofia\/#breadcrumb"},"inLanguage":"en-US","potentialAction":[{"@type":"ReadAction","target":["https:\/\/peluqueriagranada.com\/filosofia\/"]}]},{"@type":"ImageObject","inLanguage":"en-US","@id":"https:\/\/peluqueriagranada.com\/filosofia\/#primaryimage","url":"https:\/\/peluqueriagranada.com\/wp-content\/uploads\/2023\/04\/philo-s-2.jpg","contentUrl":"https:\/\/peluqueriagranada.com\/wp-content\/uploads\/2023\/04\/philo-s-2.jpg"},{"@type":"BreadcrumbList","@id":"https:\/\/peluqueriagranada.com\/filosofia\/#breadcrumb","itemListElement":[{"@type":"ListItem","position":1,"name":"Portada","item":"https:\/\/peluqueriagranada.com\/"},{"@type":"ListItem","position":2,"name":"Filosof\u00eda"}]},{"@type":"WebSite","@id":"https:\/\/peluqueriagranada.com\/#website","url":"https:\/\/peluqueriagranada.com\/","name":"Peluqueria Granada","description":"Peluquer\u00eda","publisher":{"@id":"https:\/\/peluqueriagranada.com\/#organization"},"potentialAction":[{"@type":"SearchAction","target":{"@type":"EntryPoint","urlTemplate":"https:\/\/peluqueriagranada.com\/?s={search_term_string}"},"query-input":{"@type":"PropertyValueSpecification","valueRequired":true,"valueName":"search_term_string"}}],"inLanguage":"en-US"},{"@type":"Organization","@id":"https:\/\/peluqueriagranada.com\/#organization","name":"Peluqueria Granada","url":"https:\/\/peluqueriagranada.com\/","logo":{"@type":"ImageObject","inLanguage":"en-US","@id":"https:\/\/peluqueriagranada.com\/#\/schema\/logo\/image\/","url":"https:\/\/peluqueriagranada.com\/wp-content\/uploads\/2023\/04\/MicrosoftTeams-image.png","contentUrl":"https:\/\/peluqueriagranada.com\/wp-content\/uploads\/2023\/04\/MicrosoftTeams-image.png","width":800,"height":800,"caption":"Peluqueria Granada"},"image":{"@id":"https:\/\/peluqueriagranada.com\/#\/schema\/logo\/image\/"}}]}},"_links":{"self":[{"href":"https:\/\/peluqueriagranada.com\/en\/wp-json\/wp\/v2\/pages\/1950"}],"collection":[{"href":"https:\/\/peluqueriagranada.com\/en\/wp-json\/wp\/v2\/pages"}],"about":[{"href":"https:\/\/peluqueriagranada.com\/en\/wp-json\/wp\/v2\/types\/page"}],"author":[{"embeddable":true,"href":"https:\/\/peluqueriagranada.com\/en\/wp-json\/wp\/v2\/users\/1"}],"replies":[{"embeddable":true,"href":"https:\/\/peluqueriagranada.com\/en\/wp-json\/wp\/v2\/comments?post=1950"}],"version-history":[{"count":16,"href":"https:\/\/peluqueriagranada.com\/en\/wp-json\/wp\/v2\/pages\/1950\/revisions"}],"predecessor-version":[{"id":3165,"href":"https:\/\/peluqueriagranada.com\/en\/wp-json\/wp\/v2\/pages\/1950\/revisions\/3165"}],"wp:attachment":[{"href":"https:\/\/peluqueriagranada.com\/en\/wp-json\/wp\/v2\/media?parent=1950"}],"curies":[{"name":"wp","href":"https:\/\/api.w.org\/{rel}","templated":true}]}}