{"id":59,"date":"2023-04-19T09:34:54","date_gmt":"2023-04-19T09:34:54","guid":{"rendered":"https:\/\/wgl-demo.net\/bladehub\/?page_id=59"},"modified":"2024-02-23T12:16:44","modified_gmt":"2024-02-23T12:16:44","slug":"contacta-con-nosotros","status":"publish","type":"page","link":"https:\/\/peluqueriagranada.com\/en\/contacta-con-nosotros\/","title":{"rendered":"Contacta con nosotros"},"content":{"rendered":"<div data-elementor-type=\"wp-page\" data-elementor-id=\"59\" class=\"elementor elementor-59\">\n\t\t\t\t\t\t<section class=\"elementor-section elementor-top-section elementor-element elementor-element-53e3370 elementor-section-boxed elementor-section-height-default elementor-section-height-default\" data-id=\"53e3370\" data-element_type=\"section\">\n\t\t\t\t\t\t<div class=\"elementor-container elementor-column-gap-default\">\n\t\t\t\t\t<div class=\"elementor-column elementor-col-50 elementor-top-column elementor-element elementor-element-d95950c\" data-id=\"d95950c\" data-element_type=\"column\">\n\t\t\t<div class=\"elementor-widget-wrap elementor-element-populated\">\n\t\t\t\t\t\t<div class=\"elementor-element elementor-element-15f27c8 elementor-widget__width-initial elementor-widget-tablet__width-inherit aleft elementor-widget elementor-widget-wgl-double-heading\" data-id=\"15f27c8\" data-element_type=\"widget\" data-widget_type=\"wgl-double-heading.default\">\n\t\t\t\t<div class=\"elementor-widget-container\">\n\t\t\t<div class=\"wgl-double-heading\"><div class=\"dblh__subtitle\">NO SEAS T\u00cdMIDO<\/div><h3 class=\"dblh__title-wrapper\"><span class=\"dblh__title dblh__title-1\">CONTACTA CON NOSOTROS<\/span><\/h3><\/div>\t\t<\/div>\n\t\t\t\t<\/div>\n\t\t\t\t\t<\/div>\n\t\t<\/div>\n\t\t\t\t<div class=\"elementor-column elementor-col-50 elementor-top-column elementor-element elementor-element-4f350a9\" data-id=\"4f350a9\" data-element_type=\"column\">\n\t\t\t<div class=\"elementor-widget-wrap elementor-element-populated\">\n\t\t\t\t\t\t<div class=\"elementor-element elementor-element-0b8f09c elementor-widget elementor-widget-spacer\" data-id=\"0b8f09c\" data-element_type=\"widget\" data-widget_type=\"spacer.default\">\n\t\t\t\t<div class=\"elementor-widget-container\">\n\t\t\t\t\t<div class=\"elementor-spacer\">\n\t\t\t<div class=\"elementor-spacer-inner\"><\/div>\n\t\t<\/div>\n\t\t\t\t<\/div>\n\t\t\t\t<\/div>\n\t\t\t\t\t<\/div>\n\t\t<\/div>\n\t\t\t\t\t<\/div>\n\t\t<\/section>\n\t\t\t\t<section class=\"elementor-section elementor-top-section elementor-element elementor-element-c6b581f elementor-section-boxed elementor-section-height-default elementor-section-height-default\" data-id=\"c6b581f\" data-element_type=\"section\">\n\t\t\t\t\t\t<div class=\"elementor-container elementor-column-gap-default\">\n\t\t\t\t\t<div class=\"elementor-column elementor-col-50 elementor-top-column elementor-element elementor-element-4a807da\" data-id=\"4a807da\" data-element_type=\"column\">\n\t\t\t<div class=\"elementor-widget-wrap elementor-element-populated\">\n\t\t\t\t\t\t<div class=\"elementor-element elementor-element-6a3749e aleft elementor-widget elementor-widget-wgl-double-heading\" data-id=\"6a3749e\" data-element_type=\"widget\" data-widget_type=\"wgl-double-heading.default\">\n\t\t\t\t<div class=\"elementor-widget-container\">\n\t\t\t<div class=\"wgl-double-heading\"><h3 class=\"dblh__title-wrapper\"><span class=\"dblh__title dblh__title-1\">LOCALIZACI\u00d3N<\/span><\/h3><\/div>\t\t<\/div>\n\t\t\t\t<\/div>\n\t\t\t\t<div class=\"elementor-element elementor-element-a590ad0 elementor-widget elementor-widget-text-editor\" data-id=\"a590ad0\" data-element_type=\"widget\" data-widget_type=\"text-editor.default\">\n\t\t\t\t<div class=\"elementor-widget-container\">\n\t\t\t\t\t\t\t<p><span>Camino Bajo de Hu\u00e9tor, 126, Genil, 18008 Granada<\/span><\/p>\t\t\t\t\t\t<\/div>\n\t\t\t\t<\/div>\n\t\t\t\t<div class=\"elementor-element elementor-element-2de3330 elementor-widget elementor-widget-spacer\" data-id=\"2de3330\" data-element_type=\"widget\" data-widget_type=\"spacer.default\">\n\t\t\t\t<div class=\"elementor-widget-container\">\n\t\t\t\t\t<div class=\"elementor-spacer\">\n\t\t\t<div class=\"elementor-spacer-inner\"><\/div>\n\t\t<\/div>\n\t\t\t\t<\/div>\n\t\t\t\t<\/div>\n\t\t\t\t<div class=\"elementor-element elementor-element-60d320e aleft elementor-widget elementor-widget-wgl-double-heading\" data-id=\"60d320e\" data-element_type=\"widget\" data-widget_type=\"wgl-double-heading.default\">\n\t\t\t\t<div class=\"elementor-widget-container\">\n\t\t\t<div class=\"wgl-double-heading\"><h3 class=\"dblh__title-wrapper\"><span class=\"dblh__title dblh__title-1\">CONTACTO<\/span><\/h3><\/div>\t\t<\/div>\n\t\t\t\t<\/div>\n\t\t\t\t<div class=\"elementor-element elementor-element-e770865 hover_links elementor-widget elementor-widget-text-editor\" data-id=\"e770865\" data-element_type=\"widget\" data-widget_type=\"text-editor.default\">\n\t\t\t\t<div class=\"elementor-widget-container\">\n\t\t\t\t\t\t\t<p><a href=\"mailto:aortegamensalon@gmail.com\">aortegamensalon@gmail.com<\/a><a href=\"tel:+1800123456789\"><\/a><\/p><p><a data-dtype=\"d3ph\" data-local-attribute=\"d3ph\" jscontroller=\"LWZElb\" href=\"tel:+34858132871\" jsdata=\"QKGTRc;_;AzG3yo\" jsaction=\"rcuQ6b:npT2md;F75qrd\" data-ved=\"2ahUKEwi2suWJ46eEAxXd7rsIHSvQB-kQkAgoAHoECEgQAg\"><span aria-label=\"Llamar al n\u00famero de tel\u00e9fono 858 13 28 71\">858 13 28 71<\/span><\/a><\/p>\t\t\t\t\t\t<\/div>\n\t\t\t\t<\/div>\n\t\t\t\t<div class=\"elementor-element elementor-element-5fc1b7a elementor-shape-rounded elementor-widget elementor-widget-wgl-social-icons\" data-id=\"5fc1b7a\" data-element_type=\"widget\" data-widget_type=\"wgl-social-icons.default\">\n\t\t\t\t<div class=\"elementor-widget-container\">\n\t\t\t<div class=\"wgl-social-icons elementor-social-icons-wrapper\"><a class=\"elementor-icon elementor-social-icon elementor-social-icon-instagram elementor-repeater-item-365520e\" href=\"https:\/\/www.instagram.com\/alejandrortega.mensalon\/\" target=\"_blank\" title=\"Instagram\"><span class=\"elementor-screen-only\">Instagram<\/span><svg class=\"e-font-icon-svg e-fab-instagram\" viewbox=\"0 0 448 512\" xmlns=\"http:\/\/www.w3.org\/2000\/svg\"><path d=\"M224.1 141c-63.6 0-114.9 51.3-114.9 114.9s51.3 114.9 114.9 114.9S339 319.5 339 255.9 287.7 141 224.1 141zm0 189.6c-41.1 0-74.7-33.5-74.7-74.7s33.5-74.7 74.7-74.7 74.7 33.5 74.7 74.7-33.6 74.7-74.7 74.7zm146.4-194.3c0 14.9-12 26.8-26.8 26.8-14.9 0-26.8-12-26.8-26.8s12-26.8 26.8-26.8 26.8 12 26.8 26.8zm76.1 27.2c-1.7-35.9-9.9-67.7-36.2-93.9-26.2-26.2-58-34.4-93.9-36.2-37-2.1-147.9-2.1-184.9 0-35.8 1.7-67.6 9.9-93.9 36.1s-34.4 58-36.2 93.9c-2.1 37-2.1 147.9 0 184.9 1.7 35.9 9.9 67.7 36.2 93.9s58 34.4 93.9 36.2c37 2.1 147.9 2.1 184.9 0 35.9-1.7 67.7-9.9 93.9-36.2 26.2-26.2 34.4-58 36.2-93.9 2.1-37 2.1-147.8 0-184.8zM398.8 388c-7.8 19.6-22.9 34.7-42.6 42.6-29.5 11.7-99.5 9-132.1 9s-102.7 2.6-132.1-9c-19.6-7.8-34.7-22.9-42.6-42.6-11.7-29.5-9-99.5-9-132.1s-2.6-102.7 9-132.1c7.8-19.6 22.9-34.7 42.6-42.6 29.5-11.7 99.5-9 132.1-9s102.7-2.6 132.1 9c19.6 7.8 34.7 22.9 42.6 42.6 11.7 29.5 9 99.5 9 132.1s2.7 102.7-9 132.1z\"><\/path><\/svg><\/a><\/div>\t\t<\/div>\n\t\t\t\t<\/div>\n\t\t\t\t\t<\/div>\n\t\t<\/div>\n\t\t\t\t<div class=\"elementor-column elementor-col-50 elementor-top-column elementor-element elementor-element-d071621\" data-id=\"d071621\" data-element_type=\"column\">\n\t\t\t<div class=\"elementor-widget-wrap elementor-element-populated\">\n\t\t\t\t\t\t<div class=\"elementor-element elementor-element-a5c7e0c elementor-widget elementor-widget-text-editor\" data-id=\"a5c7e0c\" data-element_type=\"widget\" data-widget_type=\"text-editor.default\">\n\t\t\t\t<div class=\"elementor-widget-container\">\n\t\t\t\t\t\t\t<p><span>Su direcci\u00f3n de correo electr\u00f3nico no ser\u00e1 publicada. Los campos obligatorios est\u00e1n marcados *<\/span><\/p>\t\t\t\t\t\t<\/div>\n\t\t\t\t<\/div>\n\t\t\t\t<div class=\"elementor-element elementor-element-69b85db elementor-widget elementor-widget-shortcode\" data-id=\"69b85db\" data-element_type=\"widget\" data-widget_type=\"shortcode.default\">\n\t\t\t\t<div class=\"elementor-widget-container\">\n\t\t\t\t\t<div class=\"elementor-shortcode\">\n<div class=\"wpcf7 no-js\" id=\"wpcf7-f1188-o1\" lang=\"en-US\" dir=\"ltr\" data-wpcf7-id=\"1188\">\n<div class=\"screen-reader-response\"><p role=\"status\" aria-live=\"polite\" aria-atomic=\"true\"><\/p> <ul><\/ul><\/div>\n<form action=\"\/en\/wp-json\/wp\/v2\/pages\/59#wpcf7-f1188-o1\" method=\"post\" class=\"wpcf7-form init\" aria-label=\"Contact form\" novalidate=\"novalidate\" data-status=\"init\" data-trp-original-action=\"\/en\/wp-json\/wp\/v2\/pages\/59#wpcf7-f1188-o1\">\n<div style=\"display: none;\">\n<input type=\"hidden\" name=\"_wpcf7\" value=\"1188\" \/>\n<input type=\"hidden\" name=\"_wpcf7_version\" value=\"6.0.4\" \/>\n<input type=\"hidden\" name=\"_wpcf7_locale\" value=\"en_US\" \/>\n<input type=\"hidden\" name=\"_wpcf7_unit_tag\" value=\"wpcf7-f1188-o1\" \/>\n<input type=\"hidden\" name=\"_wpcf7_container_post\" value=\"0\" \/>\n<input type=\"hidden\" name=\"_wpcf7_posted_data_hash\" value=\"\" \/>\n<\/div>\n<style>\n\n    .wgl-checkbox input[type=\"checkbox\"] {\n\n        transform: scale(2);\n\n    }\n \n    .wgl-checkbox label {\n\n        color: #FFF;\n\n    }\n \n    #politicaPrivacidadLink {\n\n        color: white;\n\n        text-decoration: underline;\n\n        cursor: pointer;\n\n    }\n\n<\/style>\n \n<div class='row'>\n\n    <div class='wgl_col-12'>\n\n        <span class=\"wpcf7-form-control-wrap\" data-name=\"label-name\"><input size=\"40\" maxlength=\"400\" class=\"wpcf7-form-control wpcf7-text wpcf7-validates-as-required\" aria-required=\"true\" aria-invalid=\"false\" placeholder=\"Nombre y apellidos\" value=\"\" type=\"text\" name=\"label-name\" \/><\/span>\n\n    <\/div>\n\n    <div class='wgl_col-12'>\n\n        <span class=\"wpcf7-form-control-wrap\" data-name=\"label-email\"><input size=\"40\" maxlength=\"400\" class=\"wpcf7-form-control wpcf7-email wpcf7-validates-as-required wpcf7-text wpcf7-validates-as-email\" aria-required=\"true\" aria-invalid=\"false\" placeholder=\"Email\" value=\"\" type=\"email\" name=\"label-email\" \/><\/span>\n\n    <\/div>\n\n    <div class='wgl_col-12'>\n\n        <span class=\"wpcf7-form-control-wrap\" data-name=\"tel-719\"><input size=\"40\" maxlength=\"400\" class=\"wpcf7-form-control wpcf7-tel wpcf7-validates-as-required wpcf7-text wpcf7-validates-as-tel\" aria-required=\"true\" aria-invalid=\"false\" placeholder=\"Tel\u00e9fono\" value=\"\" type=\"tel\" name=\"tel-719\" \/><\/span>\n\n    <\/div>\n\n    <div class='wgl_col-12'>\n\n        <span class=\"wpcf7-form-control-wrap\" data-name=\"label-textarea\"><textarea cols=\"40\" rows=\"10\" maxlength=\"2000\" class=\"wpcf7-form-control wpcf7-textarea\" aria-invalid=\"false\" placeholder=\"Mensaje\" name=\"label-textarea\"><\/textarea><\/span>\n\n    <\/div>\n\n    <div class='wgl_col-12' style=\"margin-bottom:20px;\">\n\n        <div class=\"wgl-checkbox\">\n\n            <input style=\"width:7px;height:7px;\" type=\"checkbox\" id=\"politicaPrivacidadCheckbox\" name=\"checkbox-88\" \/>\n\n            <label for=\"politicaPrivacidadCheckbox\" style=\"color:black;\">He le\u00eddo y acepto la <a target=\"_blank\" href=\"https:\/\/peluqueriagranada.com\/en\/politica-de-privacidad\/\" style=\"color:blue;text-decoration-line: underline;\" id=\"politicaPrivacidadLink\">pol\u00edtica de privacidad<\/a><\/label>\n\n        <\/div>\n\n    <\/div>\n\n    <div class='wgl_col-12'>\n\n        <div class=\"wgl-button-cf7\">\n\n            <input class=\"wpcf7-form-control wpcf7-submit has-spinner\" type=\"submit\" value=\"Enviar\" \/>\n\n            <i class=\"flaticon flaticon-right-arrow\"><\/i>\n\n        <\/div>\n\n    <\/div>\n\n<\/div>\n \n<script>\n\n    document.getElementById('politicaPrivacidadLink').addEventListener('click', function() {\n\n        window.open('https:\/\/peluqueriagranada.com\/politica-de-privacidad', '_blank');\n\n    });\n\n<\/script><p style=\"display: none !important;\" class=\"akismet-fields-container\" data-prefix=\"_wpcf7_ak_\"><label>&#916;<textarea name=\"_wpcf7_ak_hp_textarea\" cols=\"45\" rows=\"8\" maxlength=\"100\"><\/textarea><\/label><input type=\"hidden\" id=\"ak_js_1\" name=\"_wpcf7_ak_js\" value=\"247\"\/><script>document.getElementById( \"ak_js_1\" ).setAttribute( \"value\", ( new Date() ).getTime() );<\/script><\/p><div class=\"wpcf7-response-output\" aria-hidden=\"true\"><\/div>\n<input type=\"hidden\" name=\"trp-form-language\" value=\"en\"\/><\/form>\n<\/div>\n<\/div>\n\t\t\t\t<\/div>\n\t\t\t\t<\/div>\n\t\t\t\t\t<\/div>\n\t\t<\/div>\n\t\t\t\t\t<\/div>\n\t\t<\/section>\n\t\t\t\t<section class=\"elementor-section elementor-top-section elementor-element elementor-element-b34328d elementor-section-boxed elementor-section-height-default elementor-section-height-default\" data-id=\"b34328d\" data-element_type=\"section\">\n\t\t\t\t\t\t<div class=\"elementor-container elementor-column-gap-default\">\n\t\t\t\t\t<div class=\"elementor-column elementor-col-100 elementor-top-column elementor-element elementor-element-47f53ea\" data-id=\"47f53ea\" data-element_type=\"column\">\n\t\t\t<div class=\"elementor-widget-wrap elementor-element-populated\">\n\t\t\t\t\t\t<div class=\"elementor-element elementor-element-6e6e599 elementor-widget elementor-widget-spacer\" data-id=\"6e6e599\" data-element_type=\"widget\" data-widget_type=\"spacer.default\">\n\t\t\t\t<div class=\"elementor-widget-container\">\n\t\t\t\t\t<div class=\"elementor-spacer\">\n\t\t\t<div class=\"elementor-spacer-inner\"><\/div>\n\t\t<\/div>\n\t\t\t\t<\/div>\n\t\t\t\t<\/div>\n\t\t\t\t<div class=\"elementor-element elementor-element-48e7d46 elementor-widget elementor-widget-google_maps\" data-id=\"48e7d46\" data-element_type=\"widget\" data-widget_type=\"google_maps.default\">\n\t\t\t\t<div class=\"elementor-widget-container\">\n\t\t\t\t\t<div class=\"elementor-custom-embed\">\n\t\t\t<iframe loading=\"lazy\"\n\t\t\t\t\tsrc=\"https:\/\/maps.google.com\/maps?q=Camino%20Bajo%20de%20Hu%C3%A9tor%2C%20126%2C%20Genil%2C%2018008%20Granada&#038;t=m&#038;z=15&#038;output=embed&#038;iwloc=near\"\n\t\t\t\t\ttitle=\"Camino Bajo de Hu\u00e9tor, 126, Genil, 18008 Granada\"\n\t\t\t\t\taria-label=\"Camino Bajo de Hu\u00e9tor, 126, Genil, 18008 Granada\"\n\t\t\t><\/iframe>\n\t\t<\/div>\n\t\t\t\t<\/div>\n\t\t\t\t<\/div>\n\t\t\t\t<div class=\"elementor-element elementor-element-ea5414a elementor-widget elementor-widget-spacer\" data-id=\"ea5414a\" data-element_type=\"widget\" data-widget_type=\"spacer.default\">\n\t\t\t\t<div class=\"elementor-widget-container\">\n\t\t\t\t\t<div class=\"elementor-spacer\">\n\t\t\t<div class=\"elementor-spacer-inner\"><\/div>\n\t\t<\/div>\n\t\t\t\t<\/div>\n\t\t\t\t<\/div>\n\t\t\t\t\t<\/div>\n\t\t<\/div>\n\t\t\t\t\t<\/div>\n\t\t<\/section>\n\t\t\t\t<\/div>","protected":false},"excerpt":{"rendered":"<p>NO SEAS T\u00cdMIDO CONTACTA CON NOSOTROS LOCALIZACI\u00d3N Camino Bajo de Hu\u00e9tor, 126, Genil, 18008 Granada CONTACTO aortegamensalon@gmail.com 858 13 28 71 Instagram Su direcci\u00f3n de correo electr\u00f3nico no ser\u00e1 publicada. Los campos obligatorios est\u00e1n marcados *<\/p>","protected":false},"author":1,"featured_media":0,"parent":0,"menu_order":0,"comment_status":"closed","ping_status":"closed","template":"","meta":{"footnotes":""},"class_list":["post-59","page","type-page","status-publish","hentry"],"yoast_head":"<!-- This site is optimized with the Yoast SEO plugin v24.5 - https:\/\/yoast.com\/wordpress\/plugins\/seo\/ -->\n<title>Contacta con nosotros - Peluqueria Granada<\/title>\n<meta name=\"robots\" content=\"index, follow, max-snippet:-1, max-image-preview:large, max-video-preview:-1\" \/>\n<link rel=\"canonical\" href=\"https:\/\/peluqueriagranada.com\/en\/contacta-con-nosotros\/\" \/>\n<meta property=\"og:locale\" content=\"en_US\" \/>\n<meta property=\"og:type\" content=\"article\" \/>\n<meta property=\"og:title\" content=\"Contacta con nosotros - Peluqueria Granada\" \/>\n<meta property=\"og:description\" content=\"NO SEAS T\u00cdMIDO CONTACTA CON NOSOTROS LOCALIZACI\u00d3N Camino Bajo de Hu\u00e9tor, 126, Genil, 18008 Granada CONTACTO aortegamensalon@gmail.com 858 13 28 71 Instagram Su direcci\u00f3n de correo electr\u00f3nico no ser\u00e1 publicada. Los campos obligatorios est\u00e1n marcados *\" \/>\n<meta property=\"og:url\" content=\"https:\/\/peluqueriagranada.com\/en\/contacta-con-nosotros\/\" \/>\n<meta property=\"og:site_name\" content=\"Peluqueria Granada\" \/>\n<meta property=\"article:modified_time\" content=\"2024-02-23T12:16:44+00:00\" \/>\n<meta name=\"twitter:card\" content=\"summary_large_image\" \/>\n<meta name=\"twitter:label1\" content=\"Est. reading time\" \/>\n\t<meta name=\"twitter:data1\" content=\"1 minute\" \/>\n<script type=\"application\/ld+json\" class=\"yoast-schema-graph\">{\"@context\":\"https:\/\/schema.org\",\"@graph\":[{\"@type\":\"WebPage\",\"@id\":\"https:\/\/peluqueriagranada.com\/contacta-con-nosotros\/\",\"url\":\"https:\/\/peluqueriagranada.com\/contacta-con-nosotros\/\",\"name\":\"Contacta con nosotros - Peluqueria Granada\",\"isPartOf\":{\"@id\":\"https:\/\/peluqueriagranada.com\/#website\"},\"datePublished\":\"2023-04-19T09:34:54+00:00\",\"dateModified\":\"2024-02-23T12:16:44+00:00\",\"breadcrumb\":{\"@id\":\"https:\/\/peluqueriagranada.com\/contacta-con-nosotros\/#breadcrumb\"},\"inLanguage\":\"en-US\",\"potentialAction\":[{\"@type\":\"ReadAction\",\"target\":[\"https:\/\/peluqueriagranada.com\/contacta-con-nosotros\/\"]}]},{\"@type\":\"BreadcrumbList\",\"@id\":\"https:\/\/peluqueriagranada.com\/contacta-con-nosotros\/#breadcrumb\",\"itemListElement\":[{\"@type\":\"ListItem\",\"position\":1,\"name\":\"Portada\",\"item\":\"https:\/\/peluqueriagranada.com\/\"},{\"@type\":\"ListItem\",\"position\":2,\"name\":\"Contacta con nosotros\"}]},{\"@type\":\"WebSite\",\"@id\":\"https:\/\/peluqueriagranada.com\/#website\",\"url\":\"https:\/\/peluqueriagranada.com\/\",\"name\":\"Peluqueria Granada\",\"description\":\"Peluquer\u00eda\",\"publisher\":{\"@id\":\"https:\/\/peluqueriagranada.com\/#organization\"},\"potentialAction\":[{\"@type\":\"SearchAction\",\"target\":{\"@type\":\"EntryPoint\",\"urlTemplate\":\"https:\/\/peluqueriagranada.com\/?s={search_term_string}\"},\"query-input\":{\"@type\":\"PropertyValueSpecification\",\"valueRequired\":true,\"valueName\":\"search_term_string\"}}],\"inLanguage\":\"en-US\"},{\"@type\":\"Organization\",\"@id\":\"https:\/\/peluqueriagranada.com\/#organization\",\"name\":\"Peluqueria Granada\",\"url\":\"https:\/\/peluqueriagranada.com\/\",\"logo\":{\"@type\":\"ImageObject\",\"inLanguage\":\"en-US\",\"@id\":\"https:\/\/peluqueriagranada.com\/#\/schema\/logo\/image\/\",\"url\":\"https:\/\/peluqueriagranada.com\/wp-content\/uploads\/2023\/04\/MicrosoftTeams-image.png\",\"contentUrl\":\"https:\/\/peluqueriagranada.com\/wp-content\/uploads\/2023\/04\/MicrosoftTeams-image.png\",\"width\":800,\"height\":800,\"caption\":\"Peluqueria Granada\"},\"image\":{\"@id\":\"https:\/\/peluqueriagranada.com\/#\/schema\/logo\/image\/\"}}]}<\/script>\n<!-- \/ Yoast SEO plugin. -->","yoast_head_json":{"title":"Contacta con nosotros - Peluqueria Granada","robots":{"index":"index","follow":"follow","max-snippet":"max-snippet:-1","max-image-preview":"max-image-preview:large","max-video-preview":"max-video-preview:-1"},"canonical":"https:\/\/peluqueriagranada.com\/en\/contacta-con-nosotros\/","og_locale":"en_US","og_type":"article","og_title":"Contacta con nosotros - Peluqueria Granada","og_description":"NO SEAS T\u00cdMIDO CONTACTA CON NOSOTROS LOCALIZACI\u00d3N Camino Bajo de Hu\u00e9tor, 126, Genil, 18008 Granada CONTACTO aortegamensalon@gmail.com 858 13 28 71 Instagram Su direcci\u00f3n de correo electr\u00f3nico no ser\u00e1 publicada. Los campos obligatorios est\u00e1n marcados *","og_url":"https:\/\/peluqueriagranada.com\/en\/contacta-con-nosotros\/","og_site_name":"Peluqueria Granada","article_modified_time":"2024-02-23T12:16:44+00:00","twitter_card":"summary_large_image","twitter_misc":{"Est. reading time":"1 minute"},"schema":{"@context":"https:\/\/schema.org","@graph":[{"@type":"WebPage","@id":"https:\/\/peluqueriagranada.com\/contacta-con-nosotros\/","url":"https:\/\/peluqueriagranada.com\/contacta-con-nosotros\/","name":"Contacta con nosotros - Peluqueria Granada","isPartOf":{"@id":"https:\/\/peluqueriagranada.com\/#website"},"datePublished":"2023-04-19T09:34:54+00:00","dateModified":"2024-02-23T12:16:44+00:00","breadcrumb":{"@id":"https:\/\/peluqueriagranada.com\/contacta-con-nosotros\/#breadcrumb"},"inLanguage":"en-US","potentialAction":[{"@type":"ReadAction","target":["https:\/\/peluqueriagranada.com\/contacta-con-nosotros\/"]}]},{"@type":"BreadcrumbList","@id":"https:\/\/peluqueriagranada.com\/contacta-con-nosotros\/#breadcrumb","itemListElement":[{"@type":"ListItem","position":1,"name":"Portada","item":"https:\/\/peluqueriagranada.com\/"},{"@type":"ListItem","position":2,"name":"Contacta con nosotros"}]},{"@type":"WebSite","@id":"https:\/\/peluqueriagranada.com\/#website","url":"https:\/\/peluqueriagranada.com\/","name":"Peluqueria Granada","description":"Peluquer\u00eda","publisher":{"@id":"https:\/\/peluqueriagranada.com\/#organization"},"potentialAction":[{"@type":"SearchAction","target":{"@type":"EntryPoint","urlTemplate":"https:\/\/peluqueriagranada.com\/?s={search_term_string}"},"query-input":{"@type":"PropertyValueSpecification","valueRequired":true,"valueName":"search_term_string"}}],"inLanguage":"en-US"},{"@type":"Organization","@id":"https:\/\/peluqueriagranada.com\/#organization","name":"Peluqueria Granada","url":"https:\/\/peluqueriagranada.com\/","logo":{"@type":"ImageObject","inLanguage":"en-US","@id":"https:\/\/peluqueriagranada.com\/#\/schema\/logo\/image\/","url":"https:\/\/peluqueriagranada.com\/wp-content\/uploads\/2023\/04\/MicrosoftTeams-image.png","contentUrl":"https:\/\/peluqueriagranada.com\/wp-content\/uploads\/2023\/04\/MicrosoftTeams-image.png","width":800,"height":800,"caption":"Peluqueria Granada"},"image":{"@id":"https:\/\/peluqueriagranada.com\/#\/schema\/logo\/image\/"}}]}},"_links":{"self":[{"href":"https:\/\/peluqueriagranada.com\/en\/wp-json\/wp\/v2\/pages\/59"}],"collection":[{"href":"https:\/\/peluqueriagranada.com\/en\/wp-json\/wp\/v2\/pages"}],"about":[{"href":"https:\/\/peluqueriagranada.com\/en\/wp-json\/wp\/v2\/types\/page"}],"author":[{"embeddable":true,"href":"https:\/\/peluqueriagranada.com\/en\/wp-json\/wp\/v2\/users\/1"}],"replies":[{"embeddable":true,"href":"https:\/\/peluqueriagranada.com\/en\/wp-json\/wp\/v2\/comments?post=59"}],"version-history":[{"count":20,"href":"https:\/\/peluqueriagranada.com\/en\/wp-json\/wp\/v2\/pages\/59\/revisions"}],"predecessor-version":[{"id":3335,"href":"https:\/\/peluqueriagranada.com\/en\/wp-json\/wp\/v2\/pages\/59\/revisions\/3335"}],"wp:attachment":[{"href":"https:\/\/peluqueriagranada.com\/en\/wp-json\/wp\/v2\/media?parent=59"}],"curies":[{"name":"wp","href":"https:\/\/api.w.org\/{rel}","templated":true}]}}