{"id":609,"date":"2023-04-21T11:26:39","date_gmt":"2023-04-21T11:26:39","guid":{"rendered":"https:\/\/wgl-demo.net\/bladehub\/?page_id=609"},"modified":"2024-02-16T11:13:38","modified_gmt":"2024-02-16T11:13:38","slug":"about-us","status":"publish","type":"page","link":"https:\/\/peluqueriagranada.com\/en\/about-us\/","title":{"rendered":"Sobre Nosotros"},"content":{"rendered":"<div data-elementor-type=\"wp-page\" data-elementor-id=\"609\" class=\"elementor elementor-609\">\n\t\t\t\t\t\t<section class=\"elementor-section elementor-top-section elementor-element elementor-element-fc33a6d elementor-section-boxed elementor-section-height-default elementor-section-height-default\" data-id=\"fc33a6d\" data-element_type=\"section\">\n\t\t\t\t\t\t<div class=\"elementor-container elementor-column-gap-default\">\n\t\t\t\t\t<div class=\"elementor-column elementor-col-50 elementor-top-column elementor-element elementor-element-910f8b0\" data-id=\"910f8b0\" data-element_type=\"column\">\n\t\t\t<div class=\"elementor-widget-wrap elementor-element-populated\">\n\t\t\t\t\t\t<div class=\"elementor-element elementor-element-c537a2e elementor-widget elementor-widget-spacer\" data-id=\"c537a2e\" data-element_type=\"widget\" data-widget_type=\"spacer.default\">\n\t\t\t\t<div class=\"elementor-widget-container\">\n\t\t\t\t\t<div class=\"elementor-spacer\">\n\t\t\t<div class=\"elementor-spacer-inner\"><\/div>\n\t\t<\/div>\n\t\t\t\t<\/div>\n\t\t\t\t<\/div>\n\t\t\t\t<div class=\"elementor-element elementor-element-0152fd4 elementor-widget__width-initial elementor-widget-tablet__width-inherit aleft elementor-widget elementor-widget-wgl-double-heading\" data-id=\"0152fd4\" data-element_type=\"widget\" data-widget_type=\"wgl-double-heading.default\">\n\t\t\t\t<div class=\"elementor-widget-container\">\n\t\t\t<div class=\"wgl-double-heading\"><div class=\"dblh__subtitle\">Qu\u00e9 ofrecemos<\/div><h3 class=\"dblh__title-wrapper\"><span class=\"dblh__title dblh__title-1\">Corte de pelo premium<\/span><\/h3><\/div>\t\t<\/div>\n\t\t\t\t<\/div>\n\t\t\t\t<div class=\"elementor-element elementor-element-c2baaae elementor-widget elementor-widget-spacer\" data-id=\"c2baaae\" data-element_type=\"widget\" data-widget_type=\"spacer.default\">\n\t\t\t\t<div class=\"elementor-widget-container\">\n\t\t\t\t\t<div class=\"elementor-spacer\">\n\t\t\t<div class=\"elementor-spacer-inner\"><\/div>\n\t\t<\/div>\n\t\t\t\t<\/div>\n\t\t\t\t<\/div>\n\t\t\t\t<div class=\"elementor-element elementor-element-5697405 elementor-widget__width-initial elementor-widget-tablet__width-inherit elementor-widget elementor-widget-text-editor\" data-id=\"5697405\" data-element_type=\"widget\" data-widget_type=\"text-editor.default\">\n\t\t\t\t<div class=\"elementor-widget-container\">\n\t\t\t\t\t\t\t<p>En Alejandro Ortega MEN SALON, nos esforzamos por crear la apariencia y sensaci\u00f3n de peluquer\u00eda moderna con la mayor skill, servicio y estilo para que te veas como nunca antes.<\/p>\t\t\t\t\t\t<\/div>\n\t\t\t\t<\/div>\n\t\t\t\t<div class=\"elementor-element elementor-element-5ca938e elementor-widget elementor-widget-spacer\" data-id=\"5ca938e\" data-element_type=\"widget\" data-widget_type=\"spacer.default\">\n\t\t\t\t<div class=\"elementor-widget-container\">\n\t\t\t\t\t<div class=\"elementor-spacer\">\n\t\t\t<div class=\"elementor-spacer-inner\"><\/div>\n\t\t<\/div>\n\t\t\t\t<\/div>\n\t\t\t\t<\/div>\n\t\t\t\t<div class=\"elementor-element elementor-element-3ae2a7c elementor-widget elementor-widget-spacer\" data-id=\"3ae2a7c\" data-element_type=\"widget\" data-widget_type=\"spacer.default\">\n\t\t\t\t<div class=\"elementor-widget-container\">\n\t\t\t\t\t<div class=\"elementor-spacer\">\n\t\t\t<div class=\"elementor-spacer-inner\"><\/div>\n\t\t<\/div>\n\t\t\t\t<\/div>\n\t\t\t\t<\/div>\n\t\t\t\t\t<\/div>\n\t\t<\/div>\n\t\t\t\t<div class=\"elementor-column elementor-col-50 elementor-top-column elementor-element elementor-element-d0b5168\" data-id=\"d0b5168\" data-element_type=\"column\">\n\t\t\t<div class=\"elementor-widget-wrap elementor-element-populated\">\n\t\t\t\t\t\t<div class=\"elementor-element elementor-element-8aae9bb elementor-widget__width-initial elementor-widget elementor-widget-image\" data-id=\"8aae9bb\" data-element_type=\"widget\" data-widget_type=\"image.default\">\n\t\t\t\t<div class=\"elementor-widget-container\">\n\t\t\t\t\t\t\t\t\t\t\t\t\t<img fetchpriority=\"high\" decoding=\"async\" width=\"370\" height=\"650\" src=\"https:\/\/peluqueriagranada.com\/wp-content\/uploads\/2023\/04\/about-3-1.jpg\" class=\"attachment-full size-full wp-image-1255\" alt=\"\" srcset=\"https:\/\/peluqueriagranada.com\/wp-content\/uploads\/2023\/04\/about-3-1.jpg 370w, https:\/\/peluqueriagranada.com\/wp-content\/uploads\/2023\/04\/about-3-1-171x300.jpg 171w\" sizes=\"(max-width: 370px) 100vw, 370px\" \/>\t\t\t\t\t\t\t\t\t\t\t\t\t<\/div>\n\t\t\t\t<\/div>\n\t\t\t\t<div class=\"elementor-element elementor-element-2bb44fa elementor-widget__width-initial elementor-widget elementor-widget-image\" data-id=\"2bb44fa\" data-element_type=\"widget\" data-widget_type=\"image.default\">\n\t\t\t\t<div class=\"elementor-widget-container\">\n\t\t\t\t\t\t\t\t\t\t\t\t\t<img decoding=\"async\" width=\"370\" height=\"650\" src=\"https:\/\/peluqueriagranada.com\/wp-content\/uploads\/2023\/04\/about-3-2.jpg\" class=\"attachment-full size-full wp-image-1256\" alt=\"\" srcset=\"https:\/\/peluqueriagranada.com\/wp-content\/uploads\/2023\/04\/about-3-2.jpg 370w, https:\/\/peluqueriagranada.com\/wp-content\/uploads\/2023\/04\/about-3-2-171x300.jpg 171w\" sizes=\"(max-width: 370px) 100vw, 370px\" \/>\t\t\t\t\t\t\t\t\t\t\t\t\t<\/div>\n\t\t\t\t<\/div>\n\t\t\t\t\t<\/div>\n\t\t<\/div>\n\t\t\t\t\t<\/div>\n\t\t<\/section>\n\t\t\t\t<section class=\"elementor-section elementor-top-section elementor-element elementor-element-e107d2d elementor-section-full_width elementor-section-height-default elementor-section-height-default\" data-id=\"e107d2d\" data-element_type=\"section\">\n\t\t\t\t\t\t<div class=\"elementor-container elementor-column-gap-no\">\n\t\t\t\t\t<div class=\"elementor-column elementor-col-100 elementor-top-column elementor-element elementor-element-5d3c110\" data-id=\"5d3c110\" data-element_type=\"column\">\n\t\t\t<div class=\"elementor-widget-wrap elementor-element-populated\">\n\t\t\t\t\t\t<div class=\"elementor-element elementor-element-ab8478c elementor-widget elementor-widget-wgl-text-path\" data-id=\"ab8478c\" data-element_type=\"widget\" data-settings=\"{&quot;text&quot;:&quot;Gran estilo. Grandes cortes de pelo. Peluqueros impresionantes.&quot;,&quot;link&quot;:{&quot;url&quot;:&quot;&quot;,&quot;is_external&quot;:&quot;&quot;,&quot;nofollow&quot;:&quot;&quot;,&quot;custom_attributes&quot;:&quot;&quot;},&quot;animation_speed&quot;:30000,&quot;start_point&quot;:{&quot;unit&quot;:&quot;%&quot;,&quot;size&quot;:100,&quot;sizes&quot;:[]},&quot;start_point_tablet&quot;:{&quot;unit&quot;:&quot;px&quot;,&quot;size&quot;:&quot;&quot;,&quot;sizes&quot;:[]},&quot;start_point_mobile&quot;:{&quot;unit&quot;:&quot;px&quot;,&quot;size&quot;:&quot;&quot;,&quot;sizes&quot;:[]},&quot;end_point&quot;:{&quot;unit&quot;:&quot;%&quot;,&quot;size&quot;:-10,&quot;sizes&quot;:[]},&quot;end_point_tablet&quot;:{&quot;unit&quot;:&quot;px&quot;,&quot;size&quot;:&quot;&quot;,&quot;sizes&quot;:[]},&quot;end_point_mobile&quot;:{&quot;unit&quot;:&quot;px&quot;,&quot;size&quot;:&quot;&quot;,&quot;sizes&quot;:[]}}\" data-widget_type=\"wgl-text-path.default\">\n\t\t\t\t<div class=\"elementor-widget-container\">\n\t\t\t\t\t<div class=\"wgl-text-path loop_animation  clone_text  stop_on_hover\" data-backspace-count=\"\" data-type-svg=\"wgl_line_simple\" data-text=\"Gran estilo. Grandes cortes de pelo. Peluqueros impresionantes.\">\r\n\t\t\t<div class=\"simple_line\"><\/div>\t\t\t\t\t<\/div>\r\n\t\t\t\t<\/div>\n\t\t\t\t<\/div>\n\t\t\t\t\t<\/div>\n\t\t<\/div>\n\t\t\t\t\t<\/div>\n\t\t<\/section>\n\t\t\t\t<\/div>","protected":false},"excerpt":{"rendered":"<p>Qu\u00e9 ofrecemos Corte de pelo premium En Alejandro Ortega MEN SALON, nos esforzamos por crear la apariencia y sensaci\u00f3n de peluquer\u00eda moderna con la mayor skill, servicio y estilo para que te veas como nunca antes.<\/p>","protected":false},"author":1,"featured_media":0,"parent":0,"menu_order":0,"comment_status":"closed","ping_status":"closed","template":"","meta":{"footnotes":""},"class_list":["post-609","page","type-page","status-publish","hentry"],"yoast_head":"<!-- This site is optimized with the Yoast SEO plugin v24.5 - https:\/\/yoast.com\/wordpress\/plugins\/seo\/ -->\n<title>Sobre Nosotros - Peluqueria Granada<\/title>\n<meta name=\"robots\" content=\"index, follow, max-snippet:-1, max-image-preview:large, max-video-preview:-1\" \/>\n<link rel=\"canonical\" href=\"https:\/\/peluqueriagranada.com\/en\/about-us\/\" \/>\n<meta property=\"og:locale\" content=\"en_US\" \/>\n<meta property=\"og:type\" content=\"article\" \/>\n<meta property=\"og:title\" content=\"Sobre Nosotros - Peluqueria Granada\" \/>\n<meta property=\"og:description\" content=\"Qu\u00e9 ofrecemos Corte de pelo premium En Alejandro Ortega MEN SALON, nos esforzamos por crear la apariencia y sensaci\u00f3n de peluquer\u00eda moderna con la mayor skill, servicio y estilo para que te veas como nunca antes.\" \/>\n<meta property=\"og:url\" content=\"https:\/\/peluqueriagranada.com\/en\/about-us\/\" \/>\n<meta property=\"og:site_name\" content=\"Peluqueria Granada\" \/>\n<meta property=\"article:modified_time\" content=\"2024-02-16T11:13:38+00:00\" \/>\n<meta property=\"og:image\" content=\"https:\/\/peluqueriagranada.com\/wp-content\/uploads\/2023\/04\/about-3-1.jpg\" \/>\n<meta name=\"twitter:card\" content=\"summary_large_image\" \/>\n<meta name=\"twitter:label1\" content=\"Est. reading time\" \/>\n\t<meta name=\"twitter:data1\" content=\"1 minute\" \/>\n<script type=\"application\/ld+json\" class=\"yoast-schema-graph\">{\"@context\":\"https:\/\/schema.org\",\"@graph\":[{\"@type\":\"WebPage\",\"@id\":\"https:\/\/peluqueriagranada.com\/en\/about-us\/\",\"url\":\"https:\/\/peluqueriagranada.com\/en\/about-us\/\",\"name\":\"Sobre Nosotros - Peluqueria Granada\",\"isPartOf\":{\"@id\":\"https:\/\/peluqueriagranada.com\/#website\"},\"primaryImageOfPage\":{\"@id\":\"https:\/\/peluqueriagranada.com\/en\/about-us\/#primaryimage\"},\"image\":{\"@id\":\"https:\/\/peluqueriagranada.com\/en\/about-us\/#primaryimage\"},\"thumbnailUrl\":\"https:\/\/peluqueriagranada.com\/wp-content\/uploads\/2023\/04\/about-3-1.jpg\",\"datePublished\":\"2023-04-21T11:26:39+00:00\",\"dateModified\":\"2024-02-16T11:13:38+00:00\",\"breadcrumb\":{\"@id\":\"https:\/\/peluqueriagranada.com\/en\/about-us\/#breadcrumb\"},\"inLanguage\":\"en-US\",\"potentialAction\":[{\"@type\":\"ReadAction\",\"target\":[\"https:\/\/peluqueriagranada.com\/en\/about-us\/\"]}]},{\"@type\":\"ImageObject\",\"inLanguage\":\"en-US\",\"@id\":\"https:\/\/peluqueriagranada.com\/en\/about-us\/#primaryimage\",\"url\":\"https:\/\/peluqueriagranada.com\/wp-content\/uploads\/2023\/04\/about-3-1.jpg\",\"contentUrl\":\"https:\/\/peluqueriagranada.com\/wp-content\/uploads\/2023\/04\/about-3-1.jpg\"},{\"@type\":\"BreadcrumbList\",\"@id\":\"https:\/\/peluqueriagranada.com\/en\/about-us\/#breadcrumb\",\"itemListElement\":[{\"@type\":\"ListItem\",\"position\":1,\"name\":\"Portada\",\"item\":\"https:\/\/peluqueriagranada.com\/\"},{\"@type\":\"ListItem\",\"position\":2,\"name\":\"Sobre Nosotros\"}]},{\"@type\":\"WebSite\",\"@id\":\"https:\/\/peluqueriagranada.com\/#website\",\"url\":\"https:\/\/peluqueriagranada.com\/\",\"name\":\"Peluqueria Granada\",\"description\":\"Peluquer\u00eda\",\"publisher\":{\"@id\":\"https:\/\/peluqueriagranada.com\/#organization\"},\"potentialAction\":[{\"@type\":\"SearchAction\",\"target\":{\"@type\":\"EntryPoint\",\"urlTemplate\":\"https:\/\/peluqueriagranada.com\/?s={search_term_string}\"},\"query-input\":{\"@type\":\"PropertyValueSpecification\",\"valueRequired\":true,\"valueName\":\"search_term_string\"}}],\"inLanguage\":\"en-US\"},{\"@type\":\"Organization\",\"@id\":\"https:\/\/peluqueriagranada.com\/#organization\",\"name\":\"Peluqueria Granada\",\"url\":\"https:\/\/peluqueriagranada.com\/\",\"logo\":{\"@type\":\"ImageObject\",\"inLanguage\":\"en-US\",\"@id\":\"https:\/\/peluqueriagranada.com\/#\/schema\/logo\/image\/\",\"url\":\"https:\/\/peluqueriagranada.com\/wp-content\/uploads\/2023\/04\/MicrosoftTeams-image.png\",\"contentUrl\":\"https:\/\/peluqueriagranada.com\/wp-content\/uploads\/2023\/04\/MicrosoftTeams-image.png\",\"width\":800,\"height\":800,\"caption\":\"Peluqueria Granada\"},\"image\":{\"@id\":\"https:\/\/peluqueriagranada.com\/#\/schema\/logo\/image\/\"}}]}<\/script>\n<!-- \/ Yoast SEO plugin. -->","yoast_head_json":{"title":"Sobre Nosotros - Peluqueria Granada","robots":{"index":"index","follow":"follow","max-snippet":"max-snippet:-1","max-image-preview":"max-image-preview:large","max-video-preview":"max-video-preview:-1"},"canonical":"https:\/\/peluqueriagranada.com\/en\/about-us\/","og_locale":"en_US","og_type":"article","og_title":"Sobre Nosotros - Peluqueria Granada","og_description":"Qu\u00e9 ofrecemos Corte de pelo premium En Alejandro Ortega MEN SALON, nos esforzamos por crear la apariencia y sensaci\u00f3n de peluquer\u00eda moderna con la mayor skill, servicio y estilo para que te veas como nunca antes.","og_url":"https:\/\/peluqueriagranada.com\/en\/about-us\/","og_site_name":"Peluqueria Granada","article_modified_time":"2024-02-16T11:13:38+00:00","og_image":[{"url":"https:\/\/peluqueriagranada.com\/wp-content\/uploads\/2023\/04\/about-3-1.jpg","type":"","width":"","height":""}],"twitter_card":"summary_large_image","twitter_misc":{"Est. reading time":"1 minute"},"schema":{"@context":"https:\/\/schema.org","@graph":[{"@type":"WebPage","@id":"https:\/\/peluqueriagranada.com\/en\/about-us\/","url":"https:\/\/peluqueriagranada.com\/en\/about-us\/","name":"Sobre Nosotros - Peluqueria Granada","isPartOf":{"@id":"https:\/\/peluqueriagranada.com\/#website"},"primaryImageOfPage":{"@id":"https:\/\/peluqueriagranada.com\/en\/about-us\/#primaryimage"},"image":{"@id":"https:\/\/peluqueriagranada.com\/en\/about-us\/#primaryimage"},"thumbnailUrl":"https:\/\/peluqueriagranada.com\/wp-content\/uploads\/2023\/04\/about-3-1.jpg","datePublished":"2023-04-21T11:26:39+00:00","dateModified":"2024-02-16T11:13:38+00:00","breadcrumb":{"@id":"https:\/\/peluqueriagranada.com\/en\/about-us\/#breadcrumb"},"inLanguage":"en-US","potentialAction":[{"@type":"ReadAction","target":["https:\/\/peluqueriagranada.com\/en\/about-us\/"]}]},{"@type":"ImageObject","inLanguage":"en-US","@id":"https:\/\/peluqueriagranada.com\/en\/about-us\/#primaryimage","url":"https:\/\/peluqueriagranada.com\/wp-content\/uploads\/2023\/04\/about-3-1.jpg","contentUrl":"https:\/\/peluqueriagranada.com\/wp-content\/uploads\/2023\/04\/about-3-1.jpg"},{"@type":"BreadcrumbList","@id":"https:\/\/peluqueriagranada.com\/en\/about-us\/#breadcrumb","itemListElement":[{"@type":"ListItem","position":1,"name":"Portada","item":"https:\/\/peluqueriagranada.com\/"},{"@type":"ListItem","position":2,"name":"Sobre Nosotros"}]},{"@type":"WebSite","@id":"https:\/\/peluqueriagranada.com\/#website","url":"https:\/\/peluqueriagranada.com\/","name":"Peluqueria Granada","description":"Peluquer\u00eda","publisher":{"@id":"https:\/\/peluqueriagranada.com\/#organization"},"potentialAction":[{"@type":"SearchAction","target":{"@type":"EntryPoint","urlTemplate":"https:\/\/peluqueriagranada.com\/?s={search_term_string}"},"query-input":{"@type":"PropertyValueSpecification","valueRequired":true,"valueName":"search_term_string"}}],"inLanguage":"en-US"},{"@type":"Organization","@id":"https:\/\/peluqueriagranada.com\/#organization","name":"Peluqueria Granada","url":"https:\/\/peluqueriagranada.com\/","logo":{"@type":"ImageObject","inLanguage":"en-US","@id":"https:\/\/peluqueriagranada.com\/#\/schema\/logo\/image\/","url":"https:\/\/peluqueriagranada.com\/wp-content\/uploads\/2023\/04\/MicrosoftTeams-image.png","contentUrl":"https:\/\/peluqueriagranada.com\/wp-content\/uploads\/2023\/04\/MicrosoftTeams-image.png","width":800,"height":800,"caption":"Peluqueria Granada"},"image":{"@id":"https:\/\/peluqueriagranada.com\/#\/schema\/logo\/image\/"}}]}},"_links":{"self":[{"href":"https:\/\/peluqueriagranada.com\/en\/wp-json\/wp\/v2\/pages\/609"}],"collection":[{"href":"https:\/\/peluqueriagranada.com\/en\/wp-json\/wp\/v2\/pages"}],"about":[{"href":"https:\/\/peluqueriagranada.com\/en\/wp-json\/wp\/v2\/types\/page"}],"author":[{"embeddable":true,"href":"https:\/\/peluqueriagranada.com\/en\/wp-json\/wp\/v2\/users\/1"}],"replies":[{"embeddable":true,"href":"https:\/\/peluqueriagranada.com\/en\/wp-json\/wp\/v2\/comments?post=609"}],"version-history":[{"count":7,"href":"https:\/\/peluqueriagranada.com\/en\/wp-json\/wp\/v2\/pages\/609\/revisions"}],"predecessor-version":[{"id":3325,"href":"https:\/\/peluqueriagranada.com\/en\/wp-json\/wp\/v2\/pages\/609\/revisions\/3325"}],"wp:attachment":[{"href":"https:\/\/peluqueriagranada.com\/en\/wp-json\/wp\/v2\/media?parent=609"}],"curies":[{"name":"wp","href":"https:\/\/api.w.org\/{rel}","templated":true}]}}